{"id":1191,"date":"2024-07-29T19:12:09","date_gmt":"2024-07-29T19:12:09","guid":{"rendered":"https:\/\/eltianguisdebarcelona.com\/targeta-regal\/"},"modified":"2024-08-21T11:05:56","modified_gmt":"2024-08-21T11:05:56","slug":"targeta-regal","status":"publish","type":"page","link":"https:\/\/eltianguisdebarcelona.com\/ca\/targeta-regal\/","title":{"rendered":"Targeta regal"},"content":{"rendered":"\t\t<div data-elementor-type=\"wp-page\" data-elementor-id=\"1191\" class=\"elementor elementor-1191 elementor-550\" data-elementor-post-type=\"page\">\n\t\t\t\t\t\t<section class=\"elementor-section elementor-top-section elementor-element elementor-element-d29c133 elementor-section-content-top elementor-section-boxed elementor-section-height-default elementor-section-height-default\" data-id=\"d29c133\" data-element_type=\"section\" data-e-type=\"section\" data-settings=\"{&quot;background_background&quot;:&quot;classic&quot;}\">\n\t\t\t\t\t\t<div class=\"elementor-container elementor-column-gap-default\">\n\t\t\t\t\t<div class=\"elementor-column elementor-col-100 elementor-top-column elementor-element elementor-element-dea7949\" data-id=\"dea7949\" data-element_type=\"column\" data-e-type=\"column\" data-settings=\"{&quot;background_background&quot;:&quot;classic&quot;}\">\n\t\t\t<div class=\"elementor-widget-wrap elementor-element-populated\">\n\t\t\t\t\t<div class=\"elementor-background-overlay\"><\/div>\n\t\t\t\t\t\t<div class=\"elementor-element elementor-element-84748ac elementor-widget elementor-widget-heading\" data-id=\"84748ac\" data-element_type=\"widget\" data-e-type=\"widget\" data-widget_type=\"heading.default\">\n\t\t\t\t<div class=\"elementor-widget-container\">\n\t\t\t\t\t<h1 class=\"elementor-heading-title elementor-size-default\">Regala tianguis<\/h1>\t\t\t\t<\/div>\n\t\t\t\t<\/div>\n\t\t\t\t<div class=\"elementor-element elementor-element-4370b3b elementor-widget elementor-widget-html\" data-id=\"4370b3b\" data-element_type=\"widget\" data-e-type=\"widget\" data-widget_type=\"html.default\">\n\t\t\t\t<div class=\"elementor-widget-container\">\n\t\t\t\t\t<script type=\"text\/javascript\" src=\"https:\/\/www.covermanager.com\/js\/iframeResizer.min.js\"><\/script><iframe title=\"reserves\" src=\"https:\/\/www.covermanager.com\/eco\/buy_products\/restaurante-tianguis\/catalan\" frameborder=\"0\" height=\"550\" width=\"100%\" onload=\"iFrameResize();\"><\/iframe>\t\t\t\t<\/div>\n\t\t\t\t<\/div>\n\t\t\t\t\t<\/div>\n\t\t<\/div>\n\t\t\t\t\t<\/div>\n\t\t<\/section>\n\t\t\t\t<section class=\"elementor-section elementor-top-section elementor-element elementor-element-c333eeb elementor-section-full_width elementor-section-content-bottom elementor-section-height-default elementor-section-height-default\" data-id=\"c333eeb\" data-element_type=\"section\" data-e-type=\"section\" data-settings=\"{&quot;background_background&quot;:&quot;slideshow&quot;,&quot;background_slideshow_gallery&quot;:[],&quot;background_slideshow_loop&quot;:&quot;yes&quot;,&quot;background_slideshow_slide_duration&quot;:5000,&quot;background_slideshow_slide_transition&quot;:&quot;fade&quot;,&quot;background_slideshow_transition_duration&quot;:500}\">\n\t\t\t\t\t\t<div class=\"elementor-container elementor-column-gap-no\">\n\t\t\t\t\t<div class=\"elementor-column elementor-col-100 elementor-top-column elementor-element elementor-element-eafa640\" data-id=\"eafa640\" data-element_type=\"column\" data-e-type=\"column\">\n\t\t\t<div class=\"elementor-widget-wrap elementor-element-populated\">\n\t\t\t\t\t\t<div class=\"elementor-element elementor-element-a25bd19 elementor-widget elementor-widget-image-carousel\" data-id=\"a25bd19\" data-element_type=\"widget\" data-e-type=\"widget\" data-settings=\"{&quot;slides_to_show&quot;:&quot;4&quot;,&quot;slides_to_scroll&quot;:&quot;1&quot;,&quot;navigation&quot;:&quot;none&quot;,&quot;speed&quot;:900,&quot;image_spacing_custom&quot;:{&quot;unit&quot;:&quot;px&quot;,&quot;size&quot;:15,&quot;sizes&quot;:[]},&quot;slides_to_show_widescreen&quot;:&quot;4&quot;,&quot;slides_to_show_tablet&quot;:&quot;2&quot;,&quot;slides_to_show_mobile&quot;:&quot;1&quot;,&quot;autoplay&quot;:&quot;yes&quot;,&quot;autoplay_speed&quot;:5000,&quot;infinite&quot;:&quot;yes&quot;,&quot;image_spacing_custom_widescreen&quot;:{&quot;unit&quot;:&quot;px&quot;,&quot;size&quot;:&quot;&quot;,&quot;sizes&quot;:[]},&quot;image_spacing_custom_tablet&quot;:{&quot;unit&quot;:&quot;px&quot;,&quot;size&quot;:&quot;&quot;,&quot;sizes&quot;:[]}}\" data-widget_type=\"image-carousel.default\">\n\t\t\t\t<div class=\"elementor-widget-container\">\n\t\t\t\t\t\t\t<div class=\"elementor-image-carousel-wrapper swiper\" role=\"region\" aria-roledescription=\"carousel\" aria-label=\"Carrusel d&#039;imatges\" dir=\"ltr\">\n\t\t\t<div class=\"elementor-image-carousel swiper-wrapper\" aria-live=\"off\">\n\t\t\t\t\t\t\t\t<div class=\"swiper-slide\" role=\"group\" aria-roledescription=\"slide\" aria-label=\"1 de 14\"><figure class=\"swiper-slide-inner\"><img decoding=\"async\" class=\"swiper-slide-image\" src=\"https:\/\/eltianguisdebarcelona.com\/wp-content\/uploads\/2024\/08\/tianguis-galeria-35.webp\" alt=\"tianguis galeria 35\" \/><\/figure><\/div><div class=\"swiper-slide\" role=\"group\" aria-roledescription=\"slide\" aria-label=\"2 de 14\"><figure class=\"swiper-slide-inner\"><img decoding=\"async\" class=\"swiper-slide-image\" src=\"https:\/\/eltianguisdebarcelona.com\/wp-content\/uploads\/2024\/08\/tianguis-galeria-7.webp\" alt=\"tianguis galeria 7\" \/><\/figure><\/div><div class=\"swiper-slide\" role=\"group\" aria-roledescription=\"slide\" aria-label=\"3 de 14\"><figure class=\"swiper-slide-inner\"><img decoding=\"async\" class=\"swiper-slide-image\" src=\"https:\/\/eltianguisdebarcelona.com\/wp-content\/uploads\/2024\/08\/tianguis-galeria-27.webp\" alt=\"tianguis galeria 27\" \/><\/figure><\/div><div class=\"swiper-slide\" role=\"group\" aria-roledescription=\"slide\" aria-label=\"4 de 14\"><figure class=\"swiper-slide-inner\"><img decoding=\"async\" class=\"swiper-slide-image\" src=\"https:\/\/eltianguisdebarcelona.com\/wp-content\/uploads\/2024\/08\/tianguis-galeria-21.webp\" alt=\"tianguis galeria 21\" \/><\/figure><\/div><div class=\"swiper-slide\" role=\"group\" aria-roledescription=\"slide\" aria-label=\"5 de 14\"><figure class=\"swiper-slide-inner\"><img decoding=\"async\" class=\"swiper-slide-image\" src=\"https:\/\/eltianguisdebarcelona.com\/wp-content\/uploads\/2024\/08\/tianguis-galeria-16.webp\" alt=\"tianguis galeria 16\" \/><\/figure><\/div><div class=\"swiper-slide\" role=\"group\" aria-roledescription=\"slide\" aria-label=\"6 de 14\"><figure class=\"swiper-slide-inner\"><img decoding=\"async\" class=\"swiper-slide-image\" src=\"https:\/\/eltianguisdebarcelona.com\/wp-content\/uploads\/2024\/08\/tianguis-galeria-33.webp\" alt=\"tianguis galeria 33\" \/><\/figure><\/div><div class=\"swiper-slide\" role=\"group\" aria-roledescription=\"slide\" aria-label=\"7 de 14\"><figure class=\"swiper-slide-inner\"><img decoding=\"async\" class=\"swiper-slide-image\" src=\"https:\/\/eltianguisdebarcelona.com\/wp-content\/uploads\/2024\/08\/tianguis-galeria-18.webp\" alt=\"tianguis galeria 18\" \/><\/figure><\/div><div class=\"swiper-slide\" role=\"group\" aria-roledescription=\"slide\" aria-label=\"8 de 14\"><figure class=\"swiper-slide-inner\"><img decoding=\"async\" class=\"swiper-slide-image\" src=\"https:\/\/eltianguisdebarcelona.com\/wp-content\/uploads\/2024\/08\/tianguis-galeria-29.webp\" alt=\"tianguis galeria 29\" \/><\/figure><\/div><div class=\"swiper-slide\" role=\"group\" aria-roledescription=\"slide\" aria-label=\"9 de 14\"><figure class=\"swiper-slide-inner\"><img decoding=\"async\" class=\"swiper-slide-image\" src=\"https:\/\/eltianguisdebarcelona.com\/wp-content\/uploads\/2024\/08\/tianguis-galeria-22.webp\" alt=\"tianguis galeria 22\" \/><\/figure><\/div><div class=\"swiper-slide\" role=\"group\" aria-roledescription=\"slide\" aria-label=\"10 de 14\"><figure class=\"swiper-slide-inner\"><img decoding=\"async\" class=\"swiper-slide-image\" src=\"https:\/\/eltianguisdebarcelona.com\/wp-content\/uploads\/2024\/08\/tianguis-galeria-31.webp\" alt=\"tianguis galeria 31\" \/><\/figure><\/div><div class=\"swiper-slide\" role=\"group\" aria-roledescription=\"slide\" aria-label=\"11 de 14\"><figure class=\"swiper-slide-inner\"><img decoding=\"async\" class=\"swiper-slide-image\" src=\"https:\/\/eltianguisdebarcelona.com\/wp-content\/uploads\/2024\/08\/tianguis-galeria-23.webp\" alt=\"tianguis galeria 23\" \/><\/figure><\/div><div class=\"swiper-slide\" role=\"group\" aria-roledescription=\"slide\" aria-label=\"12 de 14\"><figure class=\"swiper-slide-inner\"><img decoding=\"async\" class=\"swiper-slide-image\" src=\"https:\/\/eltianguisdebarcelona.com\/wp-content\/uploads\/2024\/08\/tianguis-galeria-34.webp\" alt=\"tianguis galeria 34\" \/><\/figure><\/div><div class=\"swiper-slide\" role=\"group\" aria-roledescription=\"slide\" aria-label=\"13 de 14\"><figure class=\"swiper-slide-inner\"><img decoding=\"async\" class=\"swiper-slide-image\" src=\"https:\/\/eltianguisdebarcelona.com\/wp-content\/uploads\/2024\/08\/tianguis-galeria-20.webp\" alt=\"tianguis galeria 20\" \/><\/figure><\/div><div class=\"swiper-slide\" role=\"group\" aria-roledescription=\"slide\" aria-label=\"14 de 14\"><figure class=\"swiper-slide-inner\"><img decoding=\"async\" class=\"swiper-slide-image\" src=\"https:\/\/eltianguisdebarcelona.com\/wp-content\/uploads\/2024\/08\/tianguis-galeria-30.webp\" alt=\"tianguis galeria 30\" \/><\/figure><\/div>\t\t\t<\/div>\n\t\t\t\t\t\t\t\n\t\t\t\t\t\t\t\t\t<\/div>\n\t\t\t\t\t\t<\/div>\n\t\t\t\t<\/div>\n\t\t\t\t\t<\/div>\n\t\t<\/div>\n\t\t\t\t\t<\/div>\n\t\t<\/section>\n\t\t\t\t<\/div>\n\t\t","protected":false},"excerpt":{"rendered":"<p>Regala tianguis<\/p>\n","protected":false},"author":2,"featured_media":1087,"parent":0,"menu_order":0,"comment_status":"closed","ping_status":"closed","template":"","meta":{"footnotes":""},"class_list":["post-1191","page","type-page","status-publish","has-post-thumbnail","hentry"],"yoast_head":"<!-- This site is optimized with the Yoast SEO plugin v27.1.1 - https:\/\/yoast.com\/product\/yoast-seo-wordpress\/ -->\n<title>El tianguis - Regala Tianguis<\/title>\n<meta name=\"description\" content=\"Compra una targeta regal i regala sabors \u00fanics. Ingredients frescos, servei excepcional i una experi\u00e8ncia culin\u00e0ria inoblidable.\" \/>\n<meta name=\"robots\" content=\"index, follow, max-snippet:-1, max-image-preview:large, max-video-preview:-1\" \/>\n<link rel=\"canonical\" href=\"https:\/\/eltianguisdebarcelona.com\/ca\/targeta-regal\/\" \/>\n<meta property=\"og:locale\" content=\"ca_ES\" \/>\n<meta property=\"og:type\" content=\"article\" \/>\n<meta property=\"og:title\" content=\"El tianguis - Regala Tianguis\" \/>\n<meta property=\"og:description\" content=\"Compra una targeta regal i regala sabors \u00fanics. Ingredients frescos, servei excepcional i una experi\u00e8ncia culin\u00e0ria inoblidable.\" \/>\n<meta property=\"og:url\" content=\"https:\/\/eltianguisdebarcelona.com\/ca\/targeta-regal\/\" \/>\n<meta property=\"og:site_name\" content=\"El tianguis\" \/>\n<meta property=\"article:modified_time\" content=\"2024-08-21T11:05:56+00:00\" \/>\n<meta property=\"og:image\" content=\"https:\/\/eltianguisdebarcelona.com\/wp-content\/uploads\/2024\/07\/tianguis-contacto.webp\" \/>\n\t<meta property=\"og:image:width\" content=\"1200\" \/>\n\t<meta property=\"og:image:height\" content=\"1800\" \/>\n\t<meta property=\"og:image:type\" content=\"image\/webp\" \/>\n<meta name=\"twitter:card\" content=\"summary_large_image\" \/>\n<meta name=\"twitter:label1\" content=\"Temps estimat de lectura\" \/>\n\t<meta name=\"twitter:data1\" content=\"4 minuts\" \/>\n<script type=\"application\/ld+json\" class=\"yoast-schema-graph\">{\"@context\":\"https:\/\/schema.org\",\"@graph\":[{\"@type\":\"WebPage\",\"@id\":\"https:\/\/eltianguisdebarcelona.com\/ca\/targeta-regal\/\",\"url\":\"https:\/\/eltianguisdebarcelona.com\/ca\/targeta-regal\/\",\"name\":\"El tianguis - Regala Tianguis\",\"isPartOf\":{\"@id\":\"https:\/\/eltianguisdebarcelona.com\/ca\/#website\"},\"primaryImageOfPage\":{\"@id\":\"https:\/\/eltianguisdebarcelona.com\/ca\/targeta-regal\/#primaryimage\"},\"image\":{\"@id\":\"https:\/\/eltianguisdebarcelona.com\/ca\/targeta-regal\/#primaryimage\"},\"thumbnailUrl\":\"https:\/\/eltianguisdebarcelona.com\/wp-content\/uploads\/2024\/07\/tianguis-contacto.webp\",\"datePublished\":\"2024-07-29T19:12:09+00:00\",\"dateModified\":\"2024-08-21T11:05:56+00:00\",\"description\":\"Compra una targeta regal i regala sabors \u00fanics. Ingredients frescos, servei excepcional i una experi\u00e8ncia culin\u00e0ria inoblidable.\",\"breadcrumb\":{\"@id\":\"https:\/\/eltianguisdebarcelona.com\/ca\/targeta-regal\/#breadcrumb\"},\"inLanguage\":\"ca\",\"potentialAction\":[{\"@type\":\"ReadAction\",\"target\":[\"https:\/\/eltianguisdebarcelona.com\/ca\/targeta-regal\/\"]}]},{\"@type\":\"ImageObject\",\"inLanguage\":\"ca\",\"@id\":\"https:\/\/eltianguisdebarcelona.com\/ca\/targeta-regal\/#primaryimage\",\"url\":\"https:\/\/eltianguisdebarcelona.com\/wp-content\/uploads\/2024\/07\/tianguis-contacto.webp\",\"contentUrl\":\"https:\/\/eltianguisdebarcelona.com\/wp-content\/uploads\/2024\/07\/tianguis-contacto.webp\",\"width\":1200,\"height\":1800},{\"@type\":\"BreadcrumbList\",\"@id\":\"https:\/\/eltianguisdebarcelona.com\/ca\/targeta-regal\/#breadcrumb\",\"itemListElement\":[{\"@type\":\"ListItem\",\"position\":1,\"name\":\"Portada\",\"item\":\"https:\/\/eltianguisdebarcelona.com\/ca\/\"},{\"@type\":\"ListItem\",\"position\":2,\"name\":\"Targeta regal\"}]},{\"@type\":\"WebSite\",\"@id\":\"https:\/\/eltianguisdebarcelona.com\/ca\/#website\",\"url\":\"https:\/\/eltianguisdebarcelona.com\/ca\/\",\"name\":\"El tianguis\",\"description\":\"Aut\u00e9ntica comida mexicana en el Eixample de Barcelona\",\"publisher\":{\"@id\":\"https:\/\/eltianguisdebarcelona.com\/ca\/#organization\"},\"potentialAction\":[{\"@type\":\"SearchAction\",\"target\":{\"@type\":\"EntryPoint\",\"urlTemplate\":\"https:\/\/eltianguisdebarcelona.com\/ca\/?s={search_term_string}\"},\"query-input\":{\"@type\":\"PropertyValueSpecification\",\"valueRequired\":true,\"valueName\":\"search_term_string\"}}],\"inLanguage\":\"ca\"},{\"@type\":\"Organization\",\"@id\":\"https:\/\/eltianguisdebarcelona.com\/ca\/#organization\",\"name\":\"El tianguis\",\"url\":\"https:\/\/eltianguisdebarcelona.com\/ca\/\",\"logo\":{\"@type\":\"ImageObject\",\"inLanguage\":\"ca\",\"@id\":\"https:\/\/eltianguisdebarcelona.com\/ca\/#\/schema\/logo\/image\/\",\"url\":\"https:\/\/eltianguisdebarcelona.com\/wp-content\/uploads\/2024\/06\/Grupo-de-desplazamiento-61.svg\",\"contentUrl\":\"https:\/\/eltianguisdebarcelona.com\/wp-content\/uploads\/2024\/06\/Grupo-de-desplazamiento-61.svg\",\"width\":2830,\"height\":804,\"caption\":\"El tianguis\"},\"image\":{\"@id\":\"https:\/\/eltianguisdebarcelona.com\/ca\/#\/schema\/logo\/image\/\"}}]}<\/script>\n<!-- \/ Yoast SEO plugin. -->","yoast_head_json":{"title":"El tianguis - Regala Tianguis","description":"Compra una targeta regal i regala sabors \u00fanics. Ingredients frescos, servei excepcional i una experi\u00e8ncia culin\u00e0ria inoblidable.","robots":{"index":"index","follow":"follow","max-snippet":"max-snippet:-1","max-image-preview":"max-image-preview:large","max-video-preview":"max-video-preview:-1"},"canonical":"https:\/\/eltianguisdebarcelona.com\/ca\/targeta-regal\/","og_locale":"ca_ES","og_type":"article","og_title":"El tianguis - Regala Tianguis","og_description":"Compra una targeta regal i regala sabors \u00fanics. Ingredients frescos, servei excepcional i una experi\u00e8ncia culin\u00e0ria inoblidable.","og_url":"https:\/\/eltianguisdebarcelona.com\/ca\/targeta-regal\/","og_site_name":"El tianguis","article_modified_time":"2024-08-21T11:05:56+00:00","og_image":[{"width":1200,"height":1800,"url":"https:\/\/eltianguisdebarcelona.com\/wp-content\/uploads\/2024\/07\/tianguis-contacto.webp","type":"image\/webp"}],"twitter_card":"summary_large_image","twitter_misc":{"Temps estimat de lectura":"4 minuts"},"schema":{"@context":"https:\/\/schema.org","@graph":[{"@type":"WebPage","@id":"https:\/\/eltianguisdebarcelona.com\/ca\/targeta-regal\/","url":"https:\/\/eltianguisdebarcelona.com\/ca\/targeta-regal\/","name":"El tianguis - Regala Tianguis","isPartOf":{"@id":"https:\/\/eltianguisdebarcelona.com\/ca\/#website"},"primaryImageOfPage":{"@id":"https:\/\/eltianguisdebarcelona.com\/ca\/targeta-regal\/#primaryimage"},"image":{"@id":"https:\/\/eltianguisdebarcelona.com\/ca\/targeta-regal\/#primaryimage"},"thumbnailUrl":"https:\/\/eltianguisdebarcelona.com\/wp-content\/uploads\/2024\/07\/tianguis-contacto.webp","datePublished":"2024-07-29T19:12:09+00:00","dateModified":"2024-08-21T11:05:56+00:00","description":"Compra una targeta regal i regala sabors \u00fanics. Ingredients frescos, servei excepcional i una experi\u00e8ncia culin\u00e0ria inoblidable.","breadcrumb":{"@id":"https:\/\/eltianguisdebarcelona.com\/ca\/targeta-regal\/#breadcrumb"},"inLanguage":"ca","potentialAction":[{"@type":"ReadAction","target":["https:\/\/eltianguisdebarcelona.com\/ca\/targeta-regal\/"]}]},{"@type":"ImageObject","inLanguage":"ca","@id":"https:\/\/eltianguisdebarcelona.com\/ca\/targeta-regal\/#primaryimage","url":"https:\/\/eltianguisdebarcelona.com\/wp-content\/uploads\/2024\/07\/tianguis-contacto.webp","contentUrl":"https:\/\/eltianguisdebarcelona.com\/wp-content\/uploads\/2024\/07\/tianguis-contacto.webp","width":1200,"height":1800},{"@type":"BreadcrumbList","@id":"https:\/\/eltianguisdebarcelona.com\/ca\/targeta-regal\/#breadcrumb","itemListElement":[{"@type":"ListItem","position":1,"name":"Portada","item":"https:\/\/eltianguisdebarcelona.com\/ca\/"},{"@type":"ListItem","position":2,"name":"Targeta regal"}]},{"@type":"WebSite","@id":"https:\/\/eltianguisdebarcelona.com\/ca\/#website","url":"https:\/\/eltianguisdebarcelona.com\/ca\/","name":"El tianguis","description":"Aut\u00e9ntica comida mexicana en el Eixample de Barcelona","publisher":{"@id":"https:\/\/eltianguisdebarcelona.com\/ca\/#organization"},"potentialAction":[{"@type":"SearchAction","target":{"@type":"EntryPoint","urlTemplate":"https:\/\/eltianguisdebarcelona.com\/ca\/?s={search_term_string}"},"query-input":{"@type":"PropertyValueSpecification","valueRequired":true,"valueName":"search_term_string"}}],"inLanguage":"ca"},{"@type":"Organization","@id":"https:\/\/eltianguisdebarcelona.com\/ca\/#organization","name":"El tianguis","url":"https:\/\/eltianguisdebarcelona.com\/ca\/","logo":{"@type":"ImageObject","inLanguage":"ca","@id":"https:\/\/eltianguisdebarcelona.com\/ca\/#\/schema\/logo\/image\/","url":"https:\/\/eltianguisdebarcelona.com\/wp-content\/uploads\/2024\/06\/Grupo-de-desplazamiento-61.svg","contentUrl":"https:\/\/eltianguisdebarcelona.com\/wp-content\/uploads\/2024\/06\/Grupo-de-desplazamiento-61.svg","width":2830,"height":804,"caption":"El tianguis"},"image":{"@id":"https:\/\/eltianguisdebarcelona.com\/ca\/#\/schema\/logo\/image\/"}}]}},"_links":{"self":[{"href":"https:\/\/eltianguisdebarcelona.com\/ca\/wp-json\/wp\/v2\/pages\/1191","targetHints":{"allow":["GET"]}}],"collection":[{"href":"https:\/\/eltianguisdebarcelona.com\/ca\/wp-json\/wp\/v2\/pages"}],"about":[{"href":"https:\/\/eltianguisdebarcelona.com\/ca\/wp-json\/wp\/v2\/types\/page"}],"author":[{"embeddable":true,"href":"https:\/\/eltianguisdebarcelona.com\/ca\/wp-json\/wp\/v2\/users\/2"}],"replies":[{"embeddable":true,"href":"https:\/\/eltianguisdebarcelona.com\/ca\/wp-json\/wp\/v2\/comments?post=1191"}],"version-history":[{"count":5,"href":"https:\/\/eltianguisdebarcelona.com\/ca\/wp-json\/wp\/v2\/pages\/1191\/revisions"}],"predecessor-version":[{"id":1473,"href":"https:\/\/eltianguisdebarcelona.com\/ca\/wp-json\/wp\/v2\/pages\/1191\/revisions\/1473"}],"wp:featuredmedia":[{"embeddable":true,"href":"https:\/\/eltianguisdebarcelona.com\/ca\/wp-json\/wp\/v2\/media\/1087"}],"wp:attachment":[{"href":"https:\/\/eltianguisdebarcelona.com\/ca\/wp-json\/wp\/v2\/media?parent=1191"}],"curies":[{"name":"wp","href":"https:\/\/api.w.org\/{rel}","templated":true}]}}