{"id":1458,"date":"2024-08-17T10:57:50","date_gmt":"2024-08-17T10:57:50","guid":{"rendered":"https:\/\/eltianguisdebarcelona.com\/politica-de-cookies\/"},"modified":"2024-08-21T11:43:55","modified_gmt":"2024-08-21T11:43:55","slug":"politica-de-cookies","status":"publish","type":"page","link":"https:\/\/eltianguisdebarcelona.com\/ca\/politica-de-cookies\/","title":{"rendered":"Pol\u00edtica de Cookies"},"content":{"rendered":"\t\t<div data-elementor-type=\"wp-page\" data-elementor-id=\"1458\" class=\"elementor elementor-1458 elementor-1307\" data-elementor-post-type=\"page\">\n\t\t\t\t\t\t<section class=\"elementor-section elementor-top-section elementor-element elementor-element-12c26fb elementor-section-boxed elementor-section-height-default elementor-section-height-default\" data-id=\"12c26fb\" data-element_type=\"section\" data-e-type=\"section\">\n\t\t\t\t\t\t<div class=\"elementor-container elementor-column-gap-default\">\n\t\t\t\t\t<div class=\"elementor-column elementor-col-100 elementor-top-column elementor-element elementor-element-1968381\" data-id=\"1968381\" data-element_type=\"column\" data-e-type=\"column\">\n\t\t\t<div class=\"elementor-widget-wrap elementor-element-populated\">\n\t\t\t\t\t\t<div class=\"elementor-element elementor-element-c57a72d elementor-widget elementor-widget-heading\" data-id=\"c57a72d\" data-element_type=\"widget\" data-e-type=\"widget\" data-widget_type=\"heading.default\">\n\t\t\t\t<div class=\"elementor-widget-container\">\n\t\t\t\t\t<h2 class=\"elementor-heading-title elementor-size-default\">Pol\u00edtica de cookies<\/h2>\t\t\t\t<\/div>\n\t\t\t\t<\/div>\n\t\t\t\t<div class=\"elementor-element elementor-element-4e1724d elementor-widget elementor-widget-text-editor\" data-id=\"4e1724d\" data-element_type=\"widget\" data-e-type=\"widget\" data-widget_type=\"text-editor.default\">\n\t\t\t\t<div class=\"elementor-widget-container\">\n\t\t\t\t\t\t\t\t\t<h5><strong>Qu\u00e8 son les cookies?<\/strong><\/h5>\n<p>En angl\u00e8s, el terme &#8220;cookie&#8221; significa galeta, per\u00f2 en l&#8217;\u00e0mbit de la navegaci\u00f3 web, una &#8220;cookie&#8221; \u00e9s una cosa completament diferent. Quan accediu al nostre Lloc Web, al navegador del dispositiu s&#8217;emmagatzema una petita quantitat de text que s&#8217;anomena &#8220;cookie&#8221;. Aquest text cont\u00e9 informaci\u00f3 variada sobre la vostra navegaci\u00f3, h\u00e0bits, prefer\u00e8ncies, personalitzacions de continguts, etc&#8230;  <\/p>\n<p>Hi ha altres tecnologies que funcionen de manera similar i que tamb\u00e9 es fan servir per recopilar dades sobre la teva activitat de navegaci\u00f3. Anomenarem &#8220;cookies&#8221; totes aquestes tecnologies en el seu conjunt. <\/p>\n<p>Els usos concrets que fem d&#8217;aquestes tecnologies es descriuen al present document.<\/p>\n<h5><strong>Per qu\u00e8 es fan servir les cookies en aquesta web?<\/strong><\/h5>\n<p>Les cookies s\u00f3n una part essencial de com funciona el lloc web. L&#8217;objectiu principal de les nostres cookies \u00e9s millorar la vostra experi\u00e8ncia en la navegaci\u00f3. Per exemple, per recordar les vostres prefer\u00e8ncies (idioma, pa\u00eds, etc.) durant la navegaci\u00f3 i en futures visites. La informaci\u00f3 recollida a les cookies ens permet a m\u00e9s millorar la web, adaptar-la als seus interessos com a usuari, accelerar les cerques que realitzi, etc.   <\/p>\n<p>En determinats casos, si hem obtingut el previ consentiment informat, podrem utilitzar cookies per a altres usos, com per exemple per obtenir informaci\u00f3 que ens permeti mostrar publicitat basada en l&#8217;an\u00e0lisi dels seus h\u00e0bits de navegaci\u00f3.<\/p>\n<h5><strong>Per qu\u00e8 NO s&#8217;utilitzen les cookies en aquesta web?<\/strong><\/h5>\n<p>A les cookies que utilitzem no s&#8217;emmagatzema informaci\u00f3 sensible d&#8217;identificaci\u00f3 personal com el nom, l&#8217;adre\u00e7a, la contrasenya, etc&#8230;<\/p>\n<h5><strong>Qui fa servir la informaci\u00f3 emmagatzemada a les cookies?<\/strong><\/h5>\n<p>La informaci\u00f3 emmagatzemada a les cookies del nostre Lloc Web \u00e9s utilitzada exclusivament per nosaltres, a excepci\u00f3 d&#8217;aquelles identificades m\u00e9s endavant com a &#8220;cookie de tercers&#8221;, que s\u00f3n utilitzades i gestionades per entitats externes que ens proporcionen serveis que milloren l&#8217;experi\u00e8ncia de l&#8217;usuari. Per exemple, les estad\u00edstiques que es recullen sobre el nombre de visites, el contingut que m\u00e9s agrada, etc&#8230; ho sol gestionar Google Analytics.<\/p>\n<p>Les cookies de tercers tamb\u00e9 se solen utilitzar per garantir les operacions de pagament realitzades a trav\u00e9s del Lloc Web.<\/p>\n<h5><strong>Com podeu evitar l&#8217;\u00fas de cookies en aquest Lloc Web?<\/strong><\/h5>\n<p>Si preferiu evitar l&#8217;\u00fas de les galetes, podeu REBUIXAR-ne l&#8217;\u00fas o podeu CONFIGURA&#8217;N les que voleu evitar i les que permeteu utilitzar (en aquest document us donem informaci\u00f3 ampliada al respecte de cada tipus de galeta, la finalitat, destinatari, temporalitat, etc.). .. ).<\/p>\n<p>Si les heu acceptat, no tornarem a preguntar-vos a menys que esborreu les galetes al dispositiu segons s&#8217;indica a l&#8217;apartat seg\u00fcent. Si voleu revocar el consentiment haur\u00e0 d&#8217;eliminar les cookies i tornar a configurar-les. <\/p>\n<h5><strong>Com deshabilitar i eliminar la utilitzaci\u00f3 de cookies?<\/strong><\/h5>\n<p>Per restringir, bloquejar o esborrar les cookies d&#8217;aquest Lloc Web (i les utilitzades per tercers) ho podeu fer, en qualsevol moment, modificant la configuraci\u00f3 del vostre navegador. Tingueu en compte que aquesta configuraci\u00f3 \u00e9s diferent a cada navegador. <\/p>\n<p>Als seg\u00fcents enlla\u00e7os trobareu instruccions per habilitar o deshabilitar les cookies en els navegadors m\u00e9s comuns.<\/p>\n<ul>\n<li><a href=\"http:\/\/support.mozilla.org\/es\/kb\/habilitar-y-deshabilitar-cookies-que-los-sitios-we\" target=\"_blank\" rel=\"nofollow noopener\">Firefox<\/a><\/li>\n<li><a href=\"https:\/\/support.google.com\/chrome\/answer\/95647?hl=es\" target=\"_blank\" rel=\"noopener noreferrer nofollow\">Google Chrome<\/a><\/li>\n<li><a href=\"https:\/\/support.microsoft.com\/es-es\/help\/17442\/windows-internet-explorer-delete-manage-cookies#ie=%22ie-10\" target=\"_blank\" rel=\"noopener noreferrer nofollow\">Internet Explorer<\/a><\/li>\n<li><a href=\"https:\/\/support.microsoft.com\/es-es\/help\/4468242\/microsoft-edge-browsing-data-and-privacy\" target=\"_blank\" rel=\"noopener noreferrer nofollow\">Microsoft Edge<\/a><\/li>\n<li><a href=\"http:\/\/support.apple.com\/kb\/HT1677?viewlocale=es_ES\" target=\"_blank\" rel=\"nofollow noopener\">Safari<\/a><\/li>\n<\/ul>\n<h5><strong>Quins tipus de galetes s&#8217;utilitzen en aquesta p\u00e0gina web?<\/strong><\/h5>\n<p>Cada p\u00e0gina web utilitza les vostres pr\u00f2pies cookies. A la nostra web utilitzem les que s&#8217;indiquen a continuaci\u00f3:<\/p>\n<p><b>SEGONS L&#8217;ENTITAT QUE HO GESTIONA<\/b><\/p>\n<p><b>Cookies propies:<\/b><\/p>\n<p>S\u00f3n aquelles que s&#8217;envien a l&#8217;equip terminal de l&#8217;usuari des d&#8217;un equip o domini gestionat pel mateix editor i des del qual es presta el servei sol\u00b7licitat per l&#8217;usuari.<\/p>\n<p><b>Cookies de tercers:<\/b><\/p>\n<p>S\u00f3n aquelles que s&#8217;envien a l&#8217;equip terminal de l&#8217;Usuari des d&#8217;un equip o domini que no \u00e9s gestionat per l&#8217;editor, sin\u00f3 per una altra entitat que tracta les dades obtingudes a trav\u00e9s de les galetes.<\/p>\n<p>En el cas que les cookies siguin servides des d&#8217;un equip o domini gestionat pel mateix editor, per\u00f2 la informaci\u00f3 que es reculli mitjan\u00e7ant aquestes sigui gestionada per un tercer, no poden ser considerades com a cookies pr\u00f2pies si el tercer les utilitza per a les seves pr\u00f2pies finalitats (per exemple, la millora dels serveis que presta o la prestaci\u00f3 de serveis de car\u00e0cter publicitari a favor daltres entitats).<\/p>\n<p><b>SEGONS LA SEVA FINALITAT<\/b><\/p>\n<p><b>Cookies t\u00e8cniques:<\/b><\/p>\n<p>S\u00f3n aquelles necess\u00e0ries per a la navegaci\u00f3 i el bon funcionament del nostre Lloc Web, com ara controlar el tr\u00e0nsit i la comunicaci\u00f3 de dades, identificar la sessi\u00f3, accedir a parts d&#8217;acc\u00e9s restringit, recordar els elements que integren una comanda, realitzar el proc\u00e9s de compra d&#8217;una comanda, gestionar el pagament, controlar el frau vinculat a la seguretat del servei, fer la sol\u00b7licitud d&#8217;inscripci\u00f3 o participaci\u00f3 en un esdeveniment, comptar visites als efectes de la facturaci\u00f3 de llic\u00e8ncies del programari amb qu\u00e8 funciona el servei del Lloc Web, utilitzar elements de seguretat durant la navegaci\u00f3, emmagatzemar continguts per a la difusi\u00f3 de v\u00eddeos o so, habilitar continguts din\u00e0mics (per exemple animaci\u00f3 de c\u00e0rrega d&#8217;un text o imatge) o compartir continguts a trav\u00e9s de xarxes socials.<\/p>\n<p><b>Cookies d&#8217;an\u00e1lisis:<\/b><\/p>\n<p>Permeten quantificar el nombre d&#8217;usuaris i aix\u00ed realitzar el mesurament i l&#8217;an\u00e0lisi estad\u00edstica de la utilitzaci\u00f3 que fan els usuaris del Lloc Web. Per aix\u00f2 s&#8217;analitza la vostra navegaci\u00f3 al nostre Lloc Web per tal de millorar l&#8217;oferta de productes o serveis que us oferim.<\/p>\n<p><b>Cookies de prefer\u00e8ncies o personalitzaci\u00f3:<\/b><\/p>\n<p>S\u00f3n aquelles que permeten recordar informaci\u00f3 perqu\u00e8 l&#8217;Usuari accedeixi al servei amb determinades caracter\u00edstiques que poden diferenciar la seva experi\u00e8ncia de la d&#8217;altres usuaris, com ara l&#8217;idioma, el nombre de resultats a mostrar quan l&#8217;Usuari fa una cerca, l&#8217;aspecte o contingut del servei en funci\u00f3 del tipus de navegador a trav\u00e9s del qual l&#8217;usuari accedeix al servei o de la regi\u00f3 des de la qual accedeix al servei, etc.<\/p>\n<p><b>SEGONS EL TERMINI DE TEMPS QUE ROMANDEN ACTIVADES<\/b><\/p>\n<p><b>Cookies de sessi\u00f3:<\/b><\/p>\n<p>S\u00f3n aquelles dissenyades per demanar i emmagatzemar dades mentre l&#8217;Usuari accedeix a una p\u00e0gina web.<\/p>\n<p>Se solen emprar per emmagatzemar informaci\u00f3 que nom\u00e9s interessa conservar per a la prestaci\u00f3 del servei sol\u00b7licitat per l&#8217;Usuari en una sola ocasi\u00f3 (per exemple, una llista de productes adquirits) i desapareixen en acabar la sessi\u00f3.<\/p>\n<p><b>Cookies persistents:<\/b><\/p>\n<p>S\u00f3n aquelles en qu\u00e8 les dades segueixen emmagatzemades al terminal i poden ser accedides i tractades durant un per\u00edode definit pel responsable de la galeta, i que pot anar d&#8217;uns minuts a diversos anys. Pel que fa a aix\u00f2, s&#8217;ha de valorar espec\u00edficament si \u00e9s necess\u00e0ria la utilitzaci\u00f3 de cookies persistents, ja que els riscos per a la privadesa podrien reduir-se mitjan\u00e7ant la utilitzaci\u00f3 de cookies de sessi\u00f3. En tot cas, quan s&#8217;instal\u00b7lin galetes persistents, es recomana reduir al m\u00ednim necessari la seva durada temporal atenent a la finalitat del seu \u00fas. A aquests efectes, el Dictamen 4\/2012 del GT29 va indicar que perqu\u00e8 una galeta pugui estar exempta del deure de consentiment informat, la seva caducitat ha d&#8217;estar relacionada amb la finalitat. A causa d&#8217;aix\u00f2, \u00e9s molt m\u00e9s probable que es considerin exceptuades les galetes de sessi\u00f3 que les persistents.<\/p>\n<p><b>Detall de cookies utilitzades en aquesta web:<\/b><\/p>\n<div class=\"cky-audit-table-element\"> <\/div>\n\t\t\t\t\t\t\t\t<\/div>\n\t\t\t\t<\/div>\n\t\t\t\t\t<\/div>\n\t\t<\/div>\n\t\t\t\t\t<\/div>\n\t\t<\/section>\n\t\t\t\t<\/div>\n\t\t","protected":false},"excerpt":{"rendered":"<p>Pol\u00edtica de cookies Qu\u00e8 son les cookies? En angl\u00e8s, el terme &#8220;cookie&#8221; significa galeta, per\u00f2 en l&#8217;\u00e0mbit de la navegaci\u00f3 web, una &#8220;cookie&#8221; \u00e9s una cosa completament diferent. Quan accediu al nostre Lloc Web, al navegador del dispositiu s&#8217;emmagatzema una petita quantitat de text que s&#8217;anomena &#8220;cookie&#8221;. Aquest text cont\u00e9 informaci\u00f3 variada sobre la vostra [&hellip;]<\/p>\n","protected":false},"author":2,"featured_media":0,"parent":0,"menu_order":0,"comment_status":"closed","ping_status":"closed","template":"","meta":{"footnotes":""},"class_list":["post-1458","page","type-page","status-publish","hentry"],"yoast_head":"<!-- This site is optimized with the Yoast SEO plugin v27.1.1 - https:\/\/yoast.com\/product\/yoast-seo-wordpress\/ -->\n<title>El tianguis - Pol\u00edtica de Cookies<\/title>\n<meta name=\"robots\" content=\"noindex, nofollow\" \/>\n<meta property=\"og:locale\" content=\"ca_ES\" \/>\n<meta property=\"og:type\" content=\"article\" \/>\n<meta property=\"og:title\" content=\"El tianguis - Pol\u00edtica de Cookies\" \/>\n<meta property=\"og:description\" content=\"Pol\u00edtica de cookies Qu\u00e8 son les cookies? En angl\u00e8s, el terme &#8220;cookie&#8221; significa galeta, per\u00f2 en l&#8217;\u00e0mbit de la navegaci\u00f3 web, una &#8220;cookie&#8221; \u00e9s una cosa completament diferent. Quan accediu al nostre Lloc Web, al navegador del dispositiu s&#8217;emmagatzema una petita quantitat de text que s&#8217;anomena &#8220;cookie&#8221;. Aquest text cont\u00e9 informaci\u00f3 variada sobre la vostra [&hellip;]\" \/>\n<meta property=\"og:url\" content=\"https:\/\/eltianguisdebarcelona.com\/ca\/politica-de-cookies\/\" \/>\n<meta property=\"og:site_name\" content=\"El tianguis\" \/>\n<meta property=\"article:modified_time\" content=\"2024-08-21T11:43:55+00:00\" \/>\n<meta name=\"twitter:card\" content=\"summary_large_image\" \/>\n<meta name=\"twitter:label1\" content=\"Temps estimat de lectura\" \/>\n\t<meta name=\"twitter:data1\" content=\"6 minuts\" \/>\n<script type=\"application\/ld+json\" class=\"yoast-schema-graph\">{\"@context\":\"https:\/\/schema.org\",\"@graph\":[{\"@type\":\"WebPage\",\"@id\":\"https:\/\/eltianguisdebarcelona.com\/ca\/politica-de-cookies\/\",\"url\":\"https:\/\/eltianguisdebarcelona.com\/ca\/politica-de-cookies\/\",\"name\":\"El tianguis - Pol\u00edtica de Cookies\",\"isPartOf\":{\"@id\":\"https:\/\/eltianguisdebarcelona.com\/ca\/#website\"},\"datePublished\":\"2024-08-17T10:57:50+00:00\",\"dateModified\":\"2024-08-21T11:43:55+00:00\",\"breadcrumb\":{\"@id\":\"https:\/\/eltianguisdebarcelona.com\/ca\/politica-de-cookies\/#breadcrumb\"},\"inLanguage\":\"ca\",\"potentialAction\":[{\"@type\":\"ReadAction\",\"target\":[\"https:\/\/eltianguisdebarcelona.com\/ca\/politica-de-cookies\/\"]}]},{\"@type\":\"BreadcrumbList\",\"@id\":\"https:\/\/eltianguisdebarcelona.com\/ca\/politica-de-cookies\/#breadcrumb\",\"itemListElement\":[{\"@type\":\"ListItem\",\"position\":1,\"name\":\"Portada\",\"item\":\"https:\/\/eltianguisdebarcelona.com\/ca\/\"},{\"@type\":\"ListItem\",\"position\":2,\"name\":\"Pol\u00edtica de Cookies\"}]},{\"@type\":\"WebSite\",\"@id\":\"https:\/\/eltianguisdebarcelona.com\/ca\/#website\",\"url\":\"https:\/\/eltianguisdebarcelona.com\/ca\/\",\"name\":\"El tianguis\",\"description\":\"Aut\u00e9ntica comida mexicana en el Eixample de Barcelona\",\"publisher\":{\"@id\":\"https:\/\/eltianguisdebarcelona.com\/ca\/#organization\"},\"potentialAction\":[{\"@type\":\"SearchAction\",\"target\":{\"@type\":\"EntryPoint\",\"urlTemplate\":\"https:\/\/eltianguisdebarcelona.com\/ca\/?s={search_term_string}\"},\"query-input\":{\"@type\":\"PropertyValueSpecification\",\"valueRequired\":true,\"valueName\":\"search_term_string\"}}],\"inLanguage\":\"ca\"},{\"@type\":\"Organization\",\"@id\":\"https:\/\/eltianguisdebarcelona.com\/ca\/#organization\",\"name\":\"El tianguis\",\"url\":\"https:\/\/eltianguisdebarcelona.com\/ca\/\",\"logo\":{\"@type\":\"ImageObject\",\"inLanguage\":\"ca\",\"@id\":\"https:\/\/eltianguisdebarcelona.com\/ca\/#\/schema\/logo\/image\/\",\"url\":\"https:\/\/eltianguisdebarcelona.com\/wp-content\/uploads\/2024\/06\/Grupo-de-desplazamiento-61.svg\",\"contentUrl\":\"https:\/\/eltianguisdebarcelona.com\/wp-content\/uploads\/2024\/06\/Grupo-de-desplazamiento-61.svg\",\"width\":2830,\"height\":804,\"caption\":\"El tianguis\"},\"image\":{\"@id\":\"https:\/\/eltianguisdebarcelona.com\/ca\/#\/schema\/logo\/image\/\"}}]}<\/script>\n<!-- \/ Yoast SEO plugin. -->","yoast_head_json":{"title":"El tianguis - Pol\u00edtica de Cookies","robots":{"index":"noindex","follow":"nofollow"},"og_locale":"ca_ES","og_type":"article","og_title":"El tianguis - Pol\u00edtica de Cookies","og_description":"Pol\u00edtica de cookies Qu\u00e8 son les cookies? En angl\u00e8s, el terme &#8220;cookie&#8221; significa galeta, per\u00f2 en l&#8217;\u00e0mbit de la navegaci\u00f3 web, una &#8220;cookie&#8221; \u00e9s una cosa completament diferent. Quan accediu al nostre Lloc Web, al navegador del dispositiu s&#8217;emmagatzema una petita quantitat de text que s&#8217;anomena &#8220;cookie&#8221;. Aquest text cont\u00e9 informaci\u00f3 variada sobre la vostra [&hellip;]","og_url":"https:\/\/eltianguisdebarcelona.com\/ca\/politica-de-cookies\/","og_site_name":"El tianguis","article_modified_time":"2024-08-21T11:43:55+00:00","twitter_card":"summary_large_image","twitter_misc":{"Temps estimat de lectura":"6 minuts"},"schema":{"@context":"https:\/\/schema.org","@graph":[{"@type":"WebPage","@id":"https:\/\/eltianguisdebarcelona.com\/ca\/politica-de-cookies\/","url":"https:\/\/eltianguisdebarcelona.com\/ca\/politica-de-cookies\/","name":"El tianguis - Pol\u00edtica de Cookies","isPartOf":{"@id":"https:\/\/eltianguisdebarcelona.com\/ca\/#website"},"datePublished":"2024-08-17T10:57:50+00:00","dateModified":"2024-08-21T11:43:55+00:00","breadcrumb":{"@id":"https:\/\/eltianguisdebarcelona.com\/ca\/politica-de-cookies\/#breadcrumb"},"inLanguage":"ca","potentialAction":[{"@type":"ReadAction","target":["https:\/\/eltianguisdebarcelona.com\/ca\/politica-de-cookies\/"]}]},{"@type":"BreadcrumbList","@id":"https:\/\/eltianguisdebarcelona.com\/ca\/politica-de-cookies\/#breadcrumb","itemListElement":[{"@type":"ListItem","position":1,"name":"Portada","item":"https:\/\/eltianguisdebarcelona.com\/ca\/"},{"@type":"ListItem","position":2,"name":"Pol\u00edtica de Cookies"}]},{"@type":"WebSite","@id":"https:\/\/eltianguisdebarcelona.com\/ca\/#website","url":"https:\/\/eltianguisdebarcelona.com\/ca\/","name":"El tianguis","description":"Aut\u00e9ntica comida mexicana en el Eixample de Barcelona","publisher":{"@id":"https:\/\/eltianguisdebarcelona.com\/ca\/#organization"},"potentialAction":[{"@type":"SearchAction","target":{"@type":"EntryPoint","urlTemplate":"https:\/\/eltianguisdebarcelona.com\/ca\/?s={search_term_string}"},"query-input":{"@type":"PropertyValueSpecification","valueRequired":true,"valueName":"search_term_string"}}],"inLanguage":"ca"},{"@type":"Organization","@id":"https:\/\/eltianguisdebarcelona.com\/ca\/#organization","name":"El tianguis","url":"https:\/\/eltianguisdebarcelona.com\/ca\/","logo":{"@type":"ImageObject","inLanguage":"ca","@id":"https:\/\/eltianguisdebarcelona.com\/ca\/#\/schema\/logo\/image\/","url":"https:\/\/eltianguisdebarcelona.com\/wp-content\/uploads\/2024\/06\/Grupo-de-desplazamiento-61.svg","contentUrl":"https:\/\/eltianguisdebarcelona.com\/wp-content\/uploads\/2024\/06\/Grupo-de-desplazamiento-61.svg","width":2830,"height":804,"caption":"El tianguis"},"image":{"@id":"https:\/\/eltianguisdebarcelona.com\/ca\/#\/schema\/logo\/image\/"}}]}},"_links":{"self":[{"href":"https:\/\/eltianguisdebarcelona.com\/ca\/wp-json\/wp\/v2\/pages\/1458","targetHints":{"allow":["GET"]}}],"collection":[{"href":"https:\/\/eltianguisdebarcelona.com\/ca\/wp-json\/wp\/v2\/pages"}],"about":[{"href":"https:\/\/eltianguisdebarcelona.com\/ca\/wp-json\/wp\/v2\/types\/page"}],"author":[{"embeddable":true,"href":"https:\/\/eltianguisdebarcelona.com\/ca\/wp-json\/wp\/v2\/users\/2"}],"replies":[{"embeddable":true,"href":"https:\/\/eltianguisdebarcelona.com\/ca\/wp-json\/wp\/v2\/comments?post=1458"}],"version-history":[{"count":2,"href":"https:\/\/eltianguisdebarcelona.com\/ca\/wp-json\/wp\/v2\/pages\/1458\/revisions"}],"predecessor-version":[{"id":1502,"href":"https:\/\/eltianguisdebarcelona.com\/ca\/wp-json\/wp\/v2\/pages\/1458\/revisions\/1502"}],"wp:attachment":[{"href":"https:\/\/eltianguisdebarcelona.com\/ca\/wp-json\/wp\/v2\/media?parent=1458"}],"curies":[{"name":"wp","href":"https:\/\/api.w.org\/{rel}","templated":true}]}}